{"id":442,"date":"2016-01-26T13:43:48","date_gmt":"2016-01-26T12:43:48","guid":{"rendered":"http:\/\/www.russ-training.de\/en\/?page_id=442"},"modified":"2016-02-02T16:26:29","modified_gmt":"2016-02-02T15:26:29","slug":"legal","status":"publish","type":"page","link":"https:\/\/russ-training.de\/en\/legal\/","title":{"rendered":"Legal"},"content":{"rendered":"<p><strong>RUSS Training &amp; Coaching<\/strong><\/p>\n<p>Roisin Russ<br \/>\nPsychologin (Master of Science, Univ. London)<br \/>\nPresley Boulevard 37<br \/>\n61231 Bad Nauheim<br \/>\nTel.: 06032 8 33 71<\/p>\n<p>USt-IdNr.: 016 862 62291<\/p>\n<p><em><a href=\"mailto:info@russ-training.de\">info@russ-training.de<\/a><\/em><\/p>\n<p><strong>Layout and Tech:<\/strong><br \/>\n<a href=\"http:\/\/www.gutegruende-design.de\" target=\"_blank\">gutegr\u00fcnde Gbr, Frankfurt am Main<\/a><\/p>\n<p>S\u00e4mtliche Inhalte dieser Website, insbesondere Bilder, Texte, Logo, Grafiken und Layout unterliegen dem Urheberrecht und anderen Gesetzen zum Schutz geistigen Eigentums. Das unautorisierte Kopieren und Verwenden der Seiten oder Teilen davon verst\u00f6\u00dft gegen das Urheberrecht.<\/p>\n<p>Trotz sorgf\u00e4ltiger inhaltlicher Kontrolle \u00fcbernehme ich keine Haftung f\u00fcr die Inhalte externer Links. F\u00fcr den Inhalt der verlinkten Seiten sind ausschlie\u00dflich deren Betreiber verantwortlich.<\/p>\n","protected":false},"excerpt":{"rendered":"<p>RUSS Training &amp; Coaching Roisin Russ Psychologin (Master of Science, Univ. London) Presley Boulevard 37 61231 Bad Nauheim Tel.: 06032 8 33 71 USt-IdNr.: 016 862 62291 info@russ-training.de Layout and Tech: gutegr\u00fcnde Gbr, Frankfurt am Main S\u00e4mtliche Inhalte dieser Website, insbesondere Bilder, Texte, Logo, Grafiken und Layout unterliegen dem Urheberrecht und anderen Gesetzen zum Schutz [&hellip;]<\/p>\n","protected":false},"author":1,"featured_media":0,"parent":0,"menu_order":0,"comment_status":"open","ping_status":"closed","template":"","meta":[],"acf":[],"_links":{"self":[{"href":"https:\/\/russ-training.de\/en\/wp-json\/wp\/v2\/pages\/442"}],"collection":[{"href":"https:\/\/russ-training.de\/en\/wp-json\/wp\/v2\/pages"}],"about":[{"href":"https:\/\/russ-training.de\/en\/wp-json\/wp\/v2\/types\/page"}],"author":[{"embeddable":true,"href":"https:\/\/russ-training.de\/en\/wp-json\/wp\/v2\/users\/1"}],"replies":[{"embeddable":true,"href":"https:\/\/russ-training.de\/en\/wp-json\/wp\/v2\/comments?post=442"}],"version-history":[{"count":2,"href":"https:\/\/russ-training.de\/en\/wp-json\/wp\/v2\/pages\/442\/revisions"}],"predecessor-version":[{"id":497,"href":"https:\/\/russ-training.de\/en\/wp-json\/wp\/v2\/pages\/442\/revisions\/497"}],"wp:attachment":[{"href":"https:\/\/russ-training.de\/en\/wp-json\/wp\/v2\/media?parent=442"}],"curies":[{"name":"wp","href":"https:\/\/api.w.org\/{rel}","templated":true}]}}